{"id":63,"date":"2023-06-01T08:30:40","date_gmt":"2023-06-01T08:30:40","guid":{"rendered":"https:\/\/www.clubnapolilegnano.it\/?page_id=63"},"modified":"2023-06-01T08:30:40","modified_gmt":"2023-06-01T08:30:40","slug":"chi-siamo","status":"publish","type":"page","link":"https:\/\/www.clubnapolilegnano.it\/?page_id=63","title":{"rendered":"Chi Siamo"},"content":{"rendered":"\n<p><strong>Club Napoli Legnano<\/strong> \u00e8 un&#8217;iniziativa dei tifosi del Napoli che abitano a Legnano e in tutto l&#8217;Alto Milanese. L&#8217;attivit\u00e0 del sodalizio \u00e8 portata avanti con impegno costante da Clemente La Montagna, Presidente del Club, e soprattutto grande tifoso della squadra del Napoli, che quest&#8217;anno (2023) ha vinto il Campionato di calcio italiano e s\u00ec \u00e8 aggiudicato il terzo scudetto, a distanza di 33 anni da quelli conquistati con il Campione del Mondo Maradona!<br>La nostra sede \u00e8 a Legnano (Milano) in Via Podgora 2 <br>Per informazioni puoi inviare una mail a: <a rel=\"noreferrer noopener\" href=\"mailto:info@clubnapolilegnano.it\" target=\"_blank\">info@clubnapolilegnano.it<\/a><br>Per contatti diretti: Clemente La Montagna &#8211; 335.6945322<br><\/p>\n","protected":false},"excerpt":{"rendered":"<p>Club Napoli Legnano \u00e8 un&#8217;iniziativa dei tifosi del Napoli che abitano a Legnano e in tutto l&#8217;Alto Milanese. L&#8217;attivit\u00e0 del sodalizio \u00e8 portata avanti con impegno costante da Clemente La Montagna, Presidente del Club, e soprattutto grande tifoso della squadra del Napoli, che quest&#8217;anno (2023) ha vinto il Campionato di calcio italiano e s\u00ec \u00e8 [&hellip;]<\/p>\n","protected":false},"author":1,"featured_media":0,"parent":0,"menu_order":0,"comment_status":"closed","ping_status":"closed","template":"","meta":{"footnotes":""},"class_list":["post-63","page","type-page","status-publish","hentry"],"_links":{"self":[{"href":"https:\/\/www.clubnapolilegnano.it\/index.php?rest_route=\/wp\/v2\/pages\/63","targetHints":{"allow":["GET"]}}],"collection":[{"href":"https:\/\/www.clubnapolilegnano.it\/index.php?rest_route=\/wp\/v2\/pages"}],"about":[{"href":"https:\/\/www.clubnapolilegnano.it\/index.php?rest_route=\/wp\/v2\/types\/page"}],"author":[{"embeddable":true,"href":"https:\/\/www.clubnapolilegnano.it\/index.php?rest_route=\/wp\/v2\/users\/1"}],"replies":[{"embeddable":true,"href":"https:\/\/www.clubnapolilegnano.it\/index.php?rest_route=%2Fwp%2Fv2%2Fcomments&post=63"}],"version-history":[{"count":4,"href":"https:\/\/www.clubnapolilegnano.it\/index.php?rest_route=\/wp\/v2\/pages\/63\/revisions"}],"predecessor-version":[{"id":67,"href":"https:\/\/www.clubnapolilegnano.it\/index.php?rest_route=\/wp\/v2\/pages\/63\/revisions\/67"}],"wp:attachment":[{"href":"https:\/\/www.clubnapolilegnano.it\/index.php?rest_route=%2Fwp%2Fv2%2Fmedia&parent=63"}],"curies":[{"name":"wp","href":"https:\/\/api.w.org\/{rel}","templated":true}]}}